{"id":93,"date":"2016-03-20T09:27:45","date_gmt":"2016-03-20T09:27:45","guid":{"rendered":"https:\/\/dance.schidler.de\/?page_id=93"},"modified":"2023-02-19T09:10:26","modified_gmt":"2023-02-19T09:10:26","slug":"club","status":"publish","type":"page","link":"https:\/\/dance.schidler.de\/en\/round-dance\/club","title":{"rendered":"Club"},"content":{"rendered":"<p><strong>The Minuets Round Dance Club e.V.<\/strong><\/p>\n<p>Dance level Phase IV-VI<\/p>\n<p>Mondays, 8 pm &#8211; 10 pm (not on regular basis)<\/p>\n<p>at B\u00fcrgertreff Sch\u00f6neck &#8211; Kilianst\u00e4dten<\/p>\n<p><a href=\"http:\/\/minuets.de\" target=\"_blank\" rel=\"noopener noreferrer\">Minuets &#8211; Website<\/a><\/p>","protected":false},"excerpt":{"rendered":"<p>The Minuets Round Dance Club e.V. Dance level Phase IV-VI Mondays, 8 pm &#8211; 10 pm (not on regular basis) at B\u00fcrgertreff Sch\u00f6neck &#8211; Kilianst\u00e4dten Minuets &#8211; Website<\/p>\n","protected":false},"author":1,"featured_media":0,"parent":4,"menu_order":0,"comment_status":"closed","ping_status":"closed","template":"","meta":{"footnotes":""},"class_list":["post-93","page","type-page","status-publish","hentry"],"_links":{"self":[{"href":"https:\/\/dance.schidler.de\/en\/wp-json\/wp\/v2\/pages\/93","targetHints":{"allow":["GET"]}}],"collection":[{"href":"https:\/\/dance.schidler.de\/en\/wp-json\/wp\/v2\/pages"}],"about":[{"href":"https:\/\/dance.schidler.de\/en\/wp-json\/wp\/v2\/types\/page"}],"author":[{"embeddable":true,"href":"https:\/\/dance.schidler.de\/en\/wp-json\/wp\/v2\/users\/1"}],"replies":[{"embeddable":true,"href":"https:\/\/dance.schidler.de\/en\/wp-json\/wp\/v2\/comments?post=93"}],"version-history":[{"count":17,"href":"https:\/\/dance.schidler.de\/en\/wp-json\/wp\/v2\/pages\/93\/revisions"}],"predecessor-version":[{"id":410,"href":"https:\/\/dance.schidler.de\/en\/wp-json\/wp\/v2\/pages\/93\/revisions\/410"}],"up":[{"embeddable":true,"href":"https:\/\/dance.schidler.de\/en\/wp-json\/wp\/v2\/pages\/4"}],"wp:attachment":[{"href":"https:\/\/dance.schidler.de\/en\/wp-json\/wp\/v2\/media?parent=93"}],"curies":[{"name":"wp","href":"https:\/\/api.w.org\/{rel}","templated":true}]}}